{"id":5901,"date":"2025-11-21T19:23:48","date_gmt":"2025-11-21T19:23:48","guid":{"rendered":"https:\/\/moculade.de\/?page_id=5901"},"modified":"2025-11-21T19:42:34","modified_gmt":"2025-11-21T19:42:34","slug":"impressum","status":"publish","type":"page","link":"https:\/\/moculade.de\/","title":{"rendered":"Impressum"},"content":{"rendered":"\n<figure class=\"wp-block-image size-full\"><img loading=\"lazy\" decoding=\"async\" width=\"500\" height=\"225\" src=\"https:\/\/moculade.de\/wp-content\/uploads\/2016\/10\/moculade-logo-pink-500x225.png\" alt=\"moculade logo\" class=\"wp-image-22\" srcset=\"https:\/\/moculade.de\/wp-content\/uploads\/2016\/10\/moculade-logo-pink-500x225.png 500w, https:\/\/moculade.de\/wp-content\/uploads\/2016\/10\/moculade-logo-pink-500x225-300x135.png 300w\" sizes=\"auto, (max-width: 500px) 100vw, 500px\" \/><\/figure>\n\n\n\n<p>Angaben gem\u00e4\u00df \u00a7 5 TMG<\/p>\n\n\n\n<p><strong>Kontakt<\/strong><\/p>\n\n\n\n<p>Prof. Marie-Susann K\u00fchr<br>Design &amp; Beratung<br>Gilbachstra\u00dfe 18<br> 50672 K\u00f6ln<br><a href=\"mailto:info@moculade.de\">marie@moculade.de<\/a><br><\/p>\n\n\n\n<p>Gesetzliche Berufsbezeichnung :Diplom Designerin<\/p>\n","protected":false},"excerpt":{"rendered":"<p>Angaben gem\u00e4\u00df \u00a7 5 TMG Kontakt Prof. Marie-Susann K\u00fchrDesign &amp; BeratungGilbachstra\u00dfe 18 50672 K\u00f6lnmarie@moculade.de Gesetzliche Berufsbezeichnung :Diplom Designerin<\/p>\n","protected":false},"author":1,"featured_media":0,"parent":0,"menu_order":0,"comment_status":"closed","ping_status":"closed","template":"","meta":{"footnotes":""},"class_list":["post-5901","page","type-page","status-publish","hentry","entry"],"_links":{"self":[{"href":"https:\/\/moculade.de\/index.php?rest_route=\/wp\/v2\/pages\/5901","targetHints":{"allow":["GET"]}}],"collection":[{"href":"https:\/\/moculade.de\/index.php?rest_route=\/wp\/v2\/pages"}],"about":[{"href":"https:\/\/moculade.de\/index.php?rest_route=\/wp\/v2\/types\/page"}],"author":[{"embeddable":true,"href":"https:\/\/moculade.de\/index.php?rest_route=\/wp\/v2\/users\/1"}],"replies":[{"embeddable":true,"href":"https:\/\/moculade.de\/index.php?rest_route=%2Fwp%2Fv2%2Fcomments&post=5901"}],"version-history":[{"count":4,"href":"https:\/\/moculade.de\/index.php?rest_route=\/wp\/v2\/pages\/5901\/revisions"}],"predecessor-version":[{"id":5907,"href":"https:\/\/moculade.de\/index.php?rest_route=\/wp\/v2\/pages\/5901\/revisions\/5907"}],"wp:attachment":[{"href":"https:\/\/moculade.de\/index.php?rest_route=%2Fwp%2Fv2%2Fmedia&parent=5901"}],"curies":[{"name":"wp","href":"https:\/\/api.w.org\/{rel}","templated":true}]}}